{"id":21,"date":"2026-01-04T10:42:01","date_gmt":"2026-01-04T10:42:01","guid":{"rendered":"http:\/\/abonie.de\/?page_id=21"},"modified":"2026-01-05T10:26:53","modified_gmt":"2026-01-05T10:26:53","slug":"%f0%9f%a9%ba-das-team-pflegepersonal","status":"publish","type":"page","link":"https:\/\/abonie.de\/en\/%f0%9f%a9%ba-das-team-pflegepersonal\/","title":{"rendered":"The team - Nursing staff"},"content":{"rendered":"<p class=\"has-text-align-center\">No community can function without a strong team\u2014and that goes for <strong>the Asylum too!<\/strong>!<br>My mods are <strong>the nursing staff<\/strong>who make sure everything runs smoothly, chaos is kept under control, and every patient (= follower) feels comfortable. They ensure that fun, horror, and cohesion always remain in balance.<\/p>\n\n\n\n<p><strong>The Nursing Staff:<\/strong><\/p>\n\n\n\n<figure class=\"wp-block-image size-large\"><img loading=\"lazy\" decoding=\"async\" width=\"1024\" height=\"512\" src=\"http:\/\/abonie.de\/wp-content\/uploads\/2026\/01\/1-1024x512.png\" alt=\"\" class=\"wp-image-50\" srcset=\"https:\/\/abonie.de\/wp-content\/uploads\/2026\/01\/1-1024x512.png 1024w, https:\/\/abonie.de\/wp-content\/uploads\/2026\/01\/1-300x150.png 300w, https:\/\/abonie.de\/wp-content\/uploads\/2026\/01\/1-768x384.png 768w, https:\/\/abonie.de\/wp-content\/uploads\/2026\/01\/1-1536x768.png 1536w, https:\/\/abonie.de\/wp-content\/uploads\/2026\/01\/1-2048x1024.png 2048w\" sizes=\"auto, (max-width: 1024px) 100vw, 1024px\" \/><\/figure>\n\n\n\n<p class=\"has-text-align-center has-accent-2-color has-text-color has-link-color wp-elements-5a07c1314b4d9c1c0314ec522018c047\"><strong>Flauschi_the_Racoon<\/strong> (center)<\/p>\n\n\n\n<p class=\"has-text-align-center\">He helps me with everything, whether on-stream or off-stream, and is involved in every stream.<br>He keeps the madhouse running like a court jester\u2014chaos, fun, and good vibes guaranteed! \ud83d\ude04<\/p>\n\n\n\n<p class=\"has-text-align-center has-accent-2-color has-text-color has-link-color wp-elements-d738f1285e01d9fa770152fa5172d79e\"><strong>Erdbaereis<\/strong> (left)<\/p>\n\n\n\n<p class=\"has-text-align-center\">Click \u201cBan\u201d faster than Flash can run.<br>She makes sure that no one disrupts the stream or writes nasty things.<br>Always nice, but woe betide you if something doesn't suit them\u2014then run! \ud83c\udfc3\u200d\u2640\ufe0f\ud83d\udca8<\/p>\n\n\n\n<p class=\"has-text-align-center has-accent-2-color has-text-color has-link-color wp-elements-ab444873c538306507c19ba3d03c7f04\"><strong>Miruki_Sacrea<\/strong> (right)<\/p>\n\n\n\n<p class=\"has-text-align-center\">My tech genius! No matter what happens, Miru is always there to help.<br>Super competent\u2014she even helped me build my own PC on Discord. I did the building, she gave the instructions \ud83d\ude0e\ud83d\udcbb<\/p>\n\n\n\n<p class=\"has-text-align-center\"><\/p>\n\n\n\n<p class=\"has-text-align-center has-accent-2-color has-text-color has-link-color wp-elements-3ad82242079e1bc2b7727c6d2d7dbd47\"><strong>Why the team is so important:<\/strong><\/p>\n\n\n\n<p class=\"has-text-align-center\">Without the nursing staff, the \"the Asylum\" would not function.<br>They ensure that <strong>fun, horror, and team spirit<\/strong> are always in balance and that every stream is a special experience.<\/p>\n\n\n\n<p><\/p>\n\n\n\n<p class=\"has-text-align-center has-accent-2-color has-text-color has-link-color wp-elements-a20ae0c12b7f5f17b7657fc9b2e35b4b\"><strong>Thank you to our incredible team\u2014without you, the madhouse would only be half as crazy!<\/strong><\/p>","protected":false},"excerpt":{"rendered":"<p>Keine Community funktioniert ohne ein starkes Team \u2013 und das gilt auch f\u00fcr die Irrenanstalt!Meine Mods sind die Pflegefachkr\u00e4fte, die daf\u00fcr sorgen, dass alles reibungslos l\u00e4uft, Chaos geb\u00e4ndigt wird und jeder Patient (= Follower) sich wohlf\u00fchlt. Sie sorgen daf\u00fcr, dass Spa\u00df, Grusel und Zusammenhalt immer im Gleichgewicht bleiben. Die Pflegefachkr\u00e4fte: Flauschi_the_Racoon (mitte) Er hilft mir [&hellip;]<\/p>","protected":false},"author":1,"featured_media":0,"parent":0,"menu_order":3,"comment_status":"closed","ping_status":"closed","template":"","meta":{"footnotes":""},"class_list":["post-21","page","type-page","status-publish","hentry"],"yoast_head":"<!-- This site is optimized with the Yoast SEO plugin v26.6 - https:\/\/yoast.com\/wordpress\/plugins\/seo\/ -->\n<title>\ud83e\ude7a Das Team \u2013 Pflegepersonal - Abonies Irrenanstalt<\/title>\n<meta name=\"robots\" content=\"index, follow, max-snippet:-1, max-image-preview:large, max-video-preview:-1\" \/>\n<link rel=\"canonical\" href=\"https:\/\/abonie.de\/en\/\ud83e\ude7a-das-team-pflegepersonal\/\" \/>\n<meta property=\"og:locale\" content=\"en_GB\" \/>\n<meta property=\"og:type\" content=\"article\" \/>\n<meta property=\"og:title\" content=\"\ud83e\ude7a Das Team \u2013 Pflegepersonal - Abonies Irrenanstalt\" \/>\n<meta property=\"og:description\" content=\"Keine Community funktioniert ohne ein starkes Team \u2013 und das gilt auch f\u00fcr die Irrenanstalt!Meine Mods sind die Pflegefachkr\u00e4fte, die daf\u00fcr sorgen, dass alles reibungslos l\u00e4uft, Chaos geb\u00e4ndigt wird und jeder Patient (= Follower) sich wohlf\u00fchlt. Sie sorgen daf\u00fcr, dass Spa\u00df, Grusel und Zusammenhalt immer im Gleichgewicht bleiben. Die Pflegefachkr\u00e4fte: Flauschi_the_Racoon (mitte) Er hilft mir [&hellip;]\" \/>\n<meta property=\"og:url\" content=\"https:\/\/abonie.de\/en\/\ud83e\ude7a-das-team-pflegepersonal\/\" \/>\n<meta property=\"og:site_name\" content=\"Abonies Irrenanstalt\" \/>\n<meta property=\"article:modified_time\" content=\"2026-01-05T10:26:53+00:00\" \/>\n<meta property=\"og:image\" content=\"http:\/\/abonie.de\/wp-content\/uploads\/2026\/01\/1-1024x512.png\" \/>\n<meta name=\"twitter:card\" content=\"summary_large_image\" \/>\n<meta name=\"twitter:site\" content=\"@Abonie_\" \/>\n<meta name=\"twitter:label1\" content=\"Estimated reading time\" \/>\n\t<meta name=\"twitter:data1\" content=\"1 minute\" \/>\n<script type=\"application\/ld+json\" class=\"yoast-schema-graph\">{\"@context\":\"https:\/\/schema.org\",\"@graph\":[{\"@type\":\"WebPage\",\"@id\":\"https:\/\/abonie.de\/%f0%9f%a9%ba-das-team-pflegepersonal\/\",\"url\":\"https:\/\/abonie.de\/%f0%9f%a9%ba-das-team-pflegepersonal\/\",\"name\":\"\ud83e\ude7a Das Team \u2013 Pflegepersonal - Abonies Irrenanstalt\",\"isPartOf\":{\"@id\":\"https:\/\/abonie.de\/#website\"},\"primaryImageOfPage\":{\"@id\":\"https:\/\/abonie.de\/%f0%9f%a9%ba-das-team-pflegepersonal\/#primaryimage\"},\"image\":{\"@id\":\"https:\/\/abonie.de\/%f0%9f%a9%ba-das-team-pflegepersonal\/#primaryimage\"},\"thumbnailUrl\":\"http:\/\/abonie.de\/wp-content\/uploads\/2026\/01\/1-1024x512.png\",\"datePublished\":\"2026-01-04T10:42:01+00:00\",\"dateModified\":\"2026-01-05T10:26:53+00:00\",\"breadcrumb\":{\"@id\":\"https:\/\/abonie.de\/%f0%9f%a9%ba-das-team-pflegepersonal\/#breadcrumb\"},\"inLanguage\":\"en-GB\",\"potentialAction\":[{\"@type\":\"ReadAction\",\"target\":[\"https:\/\/abonie.de\/%f0%9f%a9%ba-das-team-pflegepersonal\/\"]}]},{\"@type\":\"ImageObject\",\"inLanguage\":\"en-GB\",\"@id\":\"https:\/\/abonie.de\/%f0%9f%a9%ba-das-team-pflegepersonal\/#primaryimage\",\"url\":\"http:\/\/abonie.de\/wp-content\/uploads\/2026\/01\/1-1024x512.png\",\"contentUrl\":\"http:\/\/abonie.de\/wp-content\/uploads\/2026\/01\/1-1024x512.png\"},{\"@type\":\"BreadcrumbList\",\"@id\":\"https:\/\/abonie.de\/%f0%9f%a9%ba-das-team-pflegepersonal\/#breadcrumb\",\"itemListElement\":[{\"@type\":\"ListItem\",\"position\":1,\"name\":\"Start\",\"item\":\"https:\/\/abonie.de\/\"},{\"@type\":\"ListItem\",\"position\":2,\"name\":\"\ud83e\ude7a Das Team \u2013 Pflegepersonal\"}]},{\"@type\":\"WebSite\",\"@id\":\"https:\/\/abonie.de\/#website\",\"url\":\"https:\/\/abonie.de\/\",\"name\":\"Abonies Irrenanstalt\",\"description\":\"Willkommen in der Irrenanstalt!\",\"publisher\":{\"@id\":\"https:\/\/abonie.de\/#\/schema\/person\/1741f62b164511570563ca8813789cbc\"},\"potentialAction\":[{\"@type\":\"SearchAction\",\"target\":{\"@type\":\"EntryPoint\",\"urlTemplate\":\"https:\/\/abonie.de\/?s={search_term_string}\"},\"query-input\":{\"@type\":\"PropertyValueSpecification\",\"valueRequired\":true,\"valueName\":\"search_term_string\"}}],\"inLanguage\":\"en-GB\"},{\"@type\":[\"Person\",\"Organization\"],\"@id\":\"https:\/\/abonie.de\/#\/schema\/person\/1741f62b164511570563ca8813789cbc\",\"name\":\"abonie\",\"image\":{\"@type\":\"ImageObject\",\"inLanguage\":\"en-GB\",\"@id\":\"https:\/\/abonie.de\/#\/schema\/person\/image\/\",\"url\":\"http:\/\/abonie.de\/wp-content\/uploads\/2026\/01\/cropped-120730250_337846532_abonie.png\",\"contentUrl\":\"http:\/\/abonie.de\/wp-content\/uploads\/2026\/01\/cropped-120730250_337846532_abonie.png\",\"width\":512,\"height\":512,\"caption\":\"abonie\"},\"logo\":{\"@id\":\"https:\/\/abonie.de\/#\/schema\/person\/image\/\"},\"sameAs\":[\"http:\/\/abonie.de\",\"https:\/\/www.instagram.com\/abonie\/\",\"https:\/\/x.com\/Abonie_\",\"www.youtube.com\/@abonie\",\"www.twitch.tv\/abonie\"]}]}<\/script>\n<!-- \/ Yoast SEO plugin. -->","yoast_head_json":{"title":"\ud83e\ude7a Das Team \u2013 Pflegepersonal - Abonies Irrenanstalt","robots":{"index":"index","follow":"follow","max-snippet":"max-snippet:-1","max-image-preview":"max-image-preview:large","max-video-preview":"max-video-preview:-1"},"canonical":"https:\/\/abonie.de\/en\/\ud83e\ude7a-das-team-pflegepersonal\/","og_locale":"en_GB","og_type":"article","og_title":"\ud83e\ude7a Das Team \u2013 Pflegepersonal - Abonies Irrenanstalt","og_description":"Keine Community funktioniert ohne ein starkes Team \u2013 und das gilt auch f\u00fcr die Irrenanstalt!Meine Mods sind die Pflegefachkr\u00e4fte, die daf\u00fcr sorgen, dass alles reibungslos l\u00e4uft, Chaos geb\u00e4ndigt wird und jeder Patient (= Follower) sich wohlf\u00fchlt. Sie sorgen daf\u00fcr, dass Spa\u00df, Grusel und Zusammenhalt immer im Gleichgewicht bleiben. Die Pflegefachkr\u00e4fte: Flauschi_the_Racoon (mitte) Er hilft mir [&hellip;]","og_url":"https:\/\/abonie.de\/en\/\ud83e\ude7a-das-team-pflegepersonal\/","og_site_name":"Abonies Irrenanstalt","article_modified_time":"2026-01-05T10:26:53+00:00","og_image":[{"url":"http:\/\/abonie.de\/wp-content\/uploads\/2026\/01\/1-1024x512.png","type":"","width":"","height":""}],"twitter_card":"summary_large_image","twitter_site":"@Abonie_","twitter_misc":{"Estimated reading time":"1 minute"},"schema":{"@context":"https:\/\/schema.org","@graph":[{"@type":"WebPage","@id":"https:\/\/abonie.de\/%f0%9f%a9%ba-das-team-pflegepersonal\/","url":"https:\/\/abonie.de\/%f0%9f%a9%ba-das-team-pflegepersonal\/","name":"\ud83e\ude7a Das Team \u2013 Pflegepersonal - Abonies Irrenanstalt","isPartOf":{"@id":"https:\/\/abonie.de\/#website"},"primaryImageOfPage":{"@id":"https:\/\/abonie.de\/%f0%9f%a9%ba-das-team-pflegepersonal\/#primaryimage"},"image":{"@id":"https:\/\/abonie.de\/%f0%9f%a9%ba-das-team-pflegepersonal\/#primaryimage"},"thumbnailUrl":"http:\/\/abonie.de\/wp-content\/uploads\/2026\/01\/1-1024x512.png","datePublished":"2026-01-04T10:42:01+00:00","dateModified":"2026-01-05T10:26:53+00:00","breadcrumb":{"@id":"https:\/\/abonie.de\/%f0%9f%a9%ba-das-team-pflegepersonal\/#breadcrumb"},"inLanguage":"en-GB","potentialAction":[{"@type":"ReadAction","target":["https:\/\/abonie.de\/%f0%9f%a9%ba-das-team-pflegepersonal\/"]}]},{"@type":"ImageObject","inLanguage":"en-GB","@id":"https:\/\/abonie.de\/%f0%9f%a9%ba-das-team-pflegepersonal\/#primaryimage","url":"http:\/\/abonie.de\/wp-content\/uploads\/2026\/01\/1-1024x512.png","contentUrl":"http:\/\/abonie.de\/wp-content\/uploads\/2026\/01\/1-1024x512.png"},{"@type":"BreadcrumbList","@id":"https:\/\/abonie.de\/%f0%9f%a9%ba-das-team-pflegepersonal\/#breadcrumb","itemListElement":[{"@type":"ListItem","position":1,"name":"Start","item":"https:\/\/abonie.de\/"},{"@type":"ListItem","position":2,"name":"\ud83e\ude7a Das Team \u2013 Pflegepersonal"}]},{"@type":"WebSite","@id":"https:\/\/abonie.de\/#website","url":"https:\/\/abonie.de\/","name":"Abonies Asylum","description":"Welcome to the Asylum!","publisher":{"@id":"https:\/\/abonie.de\/#\/schema\/person\/1741f62b164511570563ca8813789cbc"},"potentialAction":[{"@type":"SearchAction","target":{"@type":"EntryPoint","urlTemplate":"https:\/\/abonie.de\/?s={search_term_string}"},"query-input":{"@type":"PropertyValueSpecification","valueRequired":true,"valueName":"search_term_string"}}],"inLanguage":"en-GB"},{"@type":["Person","Organization"],"@id":"https:\/\/abonie.de\/#\/schema\/person\/1741f62b164511570563ca8813789cbc","name":"abonie","image":{"@type":"ImageObject","inLanguage":"en-GB","@id":"https:\/\/abonie.de\/#\/schema\/person\/image\/","url":"http:\/\/abonie.de\/wp-content\/uploads\/2026\/01\/cropped-120730250_337846532_abonie.png","contentUrl":"http:\/\/abonie.de\/wp-content\/uploads\/2026\/01\/cropped-120730250_337846532_abonie.png","width":512,"height":512,"caption":"abonie"},"logo":{"@id":"https:\/\/abonie.de\/#\/schema\/person\/image\/"},"sameAs":["http:\/\/abonie.de","https:\/\/www.instagram.com\/abonie\/","https:\/\/x.com\/Abonie_","www.youtube.com\/@abonie","www.twitch.tv\/abonie"]}]}},"_links":{"self":[{"href":"https:\/\/abonie.de\/en\/wp-json\/wp\/v2\/pages\/21","targetHints":{"allow":["GET"]}}],"collection":[{"href":"https:\/\/abonie.de\/en\/wp-json\/wp\/v2\/pages"}],"about":[{"href":"https:\/\/abonie.de\/en\/wp-json\/wp\/v2\/types\/page"}],"author":[{"embeddable":true,"href":"https:\/\/abonie.de\/en\/wp-json\/wp\/v2\/users\/1"}],"replies":[{"embeddable":true,"href":"https:\/\/abonie.de\/en\/wp-json\/wp\/v2\/comments?post=21"}],"version-history":[{"count":4,"href":"https:\/\/abonie.de\/en\/wp-json\/wp\/v2\/pages\/21\/revisions"}],"predecessor-version":[{"id":135,"href":"https:\/\/abonie.de\/en\/wp-json\/wp\/v2\/pages\/21\/revisions\/135"}],"wp:attachment":[{"href":"https:\/\/abonie.de\/en\/wp-json\/wp\/v2\/media?parent=21"}],"curies":[{"name":"wp","href":"https:\/\/api.w.org\/{rel}","templated":true}]}}