{"id":12,"date":"2026-01-04T10:58:06","date_gmt":"2026-01-04T10:58:06","guid":{"rendered":"http:\/\/abonie.de\/?page_id=12"},"modified":"2026-01-25T16:29:26","modified_gmt":"2026-01-25T16:29:26","slug":"charity-for-friends","status":"publish","type":"page","link":"https:\/\/abonie.de\/en\/charity-for-friends\/","title":{"rendered":"Charity for Friends"},"content":{"rendered":"<div class=\"wp-block-columns is-layout-flex wp-container-core-columns-is-layout-28f84493 wp-block-columns-is-layout-flex\">\n<div class=\"wp-block-column is-layout-flow wp-block-column-is-layout-flow\" style=\"flex-basis:50%\">\n<figure class=\"wp-block-image size-medium\"><img loading=\"lazy\" decoding=\"async\" width=\"300\" height=\"300\" src=\"https:\/\/abonie.de\/wp-content\/uploads\/2026\/01\/Firefly_Entferne-den-hintergrund-367939-Photoroom-300x300.png\" alt=\"\" class=\"wp-image-202\" srcset=\"https:\/\/abonie.de\/wp-content\/uploads\/2026\/01\/Firefly_Entferne-den-hintergrund-367939-Photoroom-300x300.png 300w, https:\/\/abonie.de\/wp-content\/uploads\/2026\/01\/Firefly_Entferne-den-hintergrund-367939-Photoroom-150x150.png 150w, https:\/\/abonie.de\/wp-content\/uploads\/2026\/01\/Firefly_Entferne-den-hintergrund-367939-Photoroom-768x768.png 768w, https:\/\/abonie.de\/wp-content\/uploads\/2026\/01\/Firefly_Entferne-den-hintergrund-367939-Photoroom-12x12.png 12w, https:\/\/abonie.de\/wp-content\/uploads\/2026\/01\/Firefly_Entferne-den-hintergrund-367939-Photoroom.png 1024w\" sizes=\"auto, (max-width: 300px) 100vw, 300px\" \/><\/figure>\n<\/div>\n\n\n\n<div class=\"wp-block-column is-layout-flow wp-block-column-is-layout-flow\" style=\"flex-basis:50%\">\n<figure class=\"wp-block-image size-full\"><img loading=\"lazy\" decoding=\"async\" width=\"1024\" height=\"1024\" src=\"https:\/\/abonie.de\/wp-content\/uploads\/2026\/01\/Firefly_Gemini-Flash_Futuristic-cyber-gaming-logo-for-a-charity-brand-called-Charity-for-Friends._Abstra-303536-Photoroom.png\" alt=\"\" class=\"wp-image-203\" srcset=\"https:\/\/abonie.de\/wp-content\/uploads\/2026\/01\/Firefly_Gemini-Flash_Futuristic-cyber-gaming-logo-for-a-charity-brand-called-Charity-for-Friends._Abstra-303536-Photoroom.png 1024w, https:\/\/abonie.de\/wp-content\/uploads\/2026\/01\/Firefly_Gemini-Flash_Futuristic-cyber-gaming-logo-for-a-charity-brand-called-Charity-for-Friends._Abstra-303536-Photoroom-300x300.png 300w, https:\/\/abonie.de\/wp-content\/uploads\/2026\/01\/Firefly_Gemini-Flash_Futuristic-cyber-gaming-logo-for-a-charity-brand-called-Charity-for-Friends._Abstra-303536-Photoroom-150x150.png 150w, https:\/\/abonie.de\/wp-content\/uploads\/2026\/01\/Firefly_Gemini-Flash_Futuristic-cyber-gaming-logo-for-a-charity-brand-called-Charity-for-Friends._Abstra-303536-Photoroom-768x768.png 768w, https:\/\/abonie.de\/wp-content\/uploads\/2026\/01\/Firefly_Gemini-Flash_Futuristic-cyber-gaming-logo-for-a-charity-brand-called-Charity-for-Friends._Abstra-303536-Photoroom-12x12.png 12w\" sizes=\"auto, (max-width: 1024px) 100vw, 1024px\" \/><\/figure>\n<\/div>\n<\/div>\n\n\n\n<p class=\"has-text-align-center\">Every year in <strong>December<\/strong> I host the <strong>Charity for Friends stream on Twitch<\/strong>a special event for the community, other streamers, and anyone who enjoys horror, fun, and good deeds.<br>Sometimes it happens spontaneously\u2014then it's all about surprises, fun, and challenges!<\/p>\n\n\n\n<p class=\"has-text-align-center has-accent-2-color has-text-color has-link-color wp-elements-b2721f979124d7fdaac745dbbe5c8d15\"><strong>How does it work?<\/strong><\/p>\n\n\n\n<p class=\"has-text-align-center\"><strong>Games, fun, and prizes:<\/strong> We play horror and party games together, solve challenges, and reach donation goals.<\/p>\n\n\n\n<p class=\"has-text-align-center\"><strong>Motto:<\/strong> Every year there is a different motto \u2013 matching the charity cause. We usually donate to projects for children or animals.<\/p>\n\n\n\n<p class=\"has-text-align-center\"><strong>Involving the community:<\/strong> Viewers can play along, solve tasks, and win prizes.<\/p>\n\n\n\n<p class=\"has-text-align-center\"><strong>Merch:<\/strong> Every year, there is exclusive charity merch, lovingly designed by a talented artist.<\/p>\n\n\n\n<p class=\"has-text-align-center\"><strong>Transparency:<\/strong> Donations go to carefully selected organizations via <strong>betterplace.org<\/strong>.<\/p>\n\n\n\n<p class=\"has-text-align-center has-accent-2-color has-text-color has-link-color wp-elements-42209ff5c5b4b94975386d28852c764d\"><strong>Who is the stream interesting for?<\/strong><\/p>\n\n\n\n<p class=\"has-text-align-center\">\ud83d\udda4 For my loyal community \u2013 to have fun together.<\/p>\n\n\n\n<p class=\"has-text-align-center\">\ud83d\udda4 For everyone who loves horror and mystery.<\/p>\n\n\n\n<p class=\"has-text-align-center\">\ud83d\udda4 For other streamers who are interested in a cool project and collaboration<\/p>\n\n\n\n<p>\ud83d\udda4 F\u00fcr alle die etwas Gutes tun &amp; dabei Spa\u00df haben wollen<\/p>\n\n\n\n<p class=\"has-text-align-center has-accent-2-color has-text-color has-link-color wp-elements-6685f9cfa1603f3be744e37980e3cd97\"><strong>Why Charity for Friends?<\/strong><\/p>\n\n\n\n<p class=\"has-text-align-center\">This stream shows that our \u201casylum\u201d is more than just horror and games \u2013 it's a community <strong>that sticks together, laughs, plays, and does good.<\/strong>.<br>A place where fun, excitement, and social engagement go hand in hand.<\/p>","protected":false},"excerpt":{"rendered":"<p>Jedes Jahr im Dezember veranstalte ich auf Twitch den Charity for Friends-Stream, ein besonderes Event f\u00fcr die Community, andere Streamer*innen und alle, die Lust auf Horror, Spa\u00df und gute Taten haben.Manchmal passiert es auch spontan \u2013 dann hei\u00dft es: \u00dcberraschung, Spa\u00df &amp; Challenge! Wie l\u00e4uft es ab? Spiele, Spa\u00df und Gewinne: Wir spielen gemeinsam Horror- [&hellip;]<\/p>","protected":false},"author":1,"featured_media":47,"parent":0,"menu_order":5,"comment_status":"closed","ping_status":"closed","template":"","meta":{"footnotes":""},"class_list":["post-12","page","type-page","status-publish","has-post-thumbnail","hentry"],"yoast_head":"<!-- This site is optimized with the Yoast SEO plugin v26.6 - https:\/\/yoast.com\/wordpress\/plugins\/seo\/ -->\n<title>Charity for Friends - Abonies Irrenanstalt<\/title>\n<meta name=\"robots\" content=\"index, follow, max-snippet:-1, max-image-preview:large, max-video-preview:-1\" \/>\n<link rel=\"canonical\" href=\"https:\/\/abonie.de\/en\/charity-for-friends\/\" \/>\n<meta property=\"og:locale\" content=\"en_GB\" \/>\n<meta property=\"og:type\" content=\"article\" \/>\n<meta property=\"og:title\" content=\"Charity for Friends - Abonies Irrenanstalt\" \/>\n<meta property=\"og:description\" content=\"Jedes Jahr im Dezember veranstalte ich auf Twitch den Charity for Friends-Stream, ein besonderes Event f\u00fcr die Community, andere Streamer*innen und alle, die Lust auf Horror, Spa\u00df und gute Taten haben.Manchmal passiert es auch spontan \u2013 dann hei\u00dft es: \u00dcberraschung, Spa\u00df &amp; Challenge! Wie l\u00e4uft es ab? Spiele, Spa\u00df und Gewinne: Wir spielen gemeinsam Horror- [&hellip;]\" \/>\n<meta property=\"og:url\" content=\"https:\/\/abonie.de\/en\/charity-for-friends\/\" \/>\n<meta property=\"og:site_name\" content=\"Abonies Irrenanstalt\" \/>\n<meta property=\"article:modified_time\" content=\"2026-01-25T16:29:26+00:00\" \/>\n<meta property=\"og:image\" content=\"https:\/\/abonie.de\/wp-content\/uploads\/2026\/01\/5-1024x1024.png\" \/>\n\t<meta property=\"og:image:width\" content=\"1024\" \/>\n\t<meta property=\"og:image:height\" content=\"1024\" \/>\n\t<meta property=\"og:image:type\" content=\"image\/png\" \/>\n<meta name=\"twitter:card\" content=\"summary_large_image\" \/>\n<meta name=\"twitter:site\" content=\"@Abonie_\" \/>\n<meta name=\"twitter:label1\" content=\"Estimated reading time\" \/>\n\t<meta name=\"twitter:data1\" content=\"2 minutes\" \/>\n<script type=\"application\/ld+json\" class=\"yoast-schema-graph\">{\"@context\":\"https:\/\/schema.org\",\"@graph\":[{\"@type\":\"WebPage\",\"@id\":\"https:\/\/abonie.de\/charity-for-friends\/\",\"url\":\"https:\/\/abonie.de\/charity-for-friends\/\",\"name\":\"Charity for Friends - Abonies Irrenanstalt\",\"isPartOf\":{\"@id\":\"https:\/\/abonie.de\/#website\"},\"primaryImageOfPage\":{\"@id\":\"https:\/\/abonie.de\/charity-for-friends\/#primaryimage\"},\"image\":{\"@id\":\"https:\/\/abonie.de\/charity-for-friends\/#primaryimage\"},\"thumbnailUrl\":\"https:\/\/abonie.de\/wp-content\/uploads\/2026\/01\/5.png\",\"datePublished\":\"2026-01-04T10:58:06+00:00\",\"dateModified\":\"2026-01-25T16:29:26+00:00\",\"breadcrumb\":{\"@id\":\"https:\/\/abonie.de\/charity-for-friends\/#breadcrumb\"},\"inLanguage\":\"en-GB\",\"potentialAction\":[{\"@type\":\"ReadAction\",\"target\":[\"https:\/\/abonie.de\/charity-for-friends\/\"]}]},{\"@type\":\"ImageObject\",\"inLanguage\":\"en-GB\",\"@id\":\"https:\/\/abonie.de\/charity-for-friends\/#primaryimage\",\"url\":\"https:\/\/abonie.de\/wp-content\/uploads\/2026\/01\/5.png\",\"contentUrl\":\"https:\/\/abonie.de\/wp-content\/uploads\/2026\/01\/5.png\",\"width\":2560,\"height\":2560},{\"@type\":\"BreadcrumbList\",\"@id\":\"https:\/\/abonie.de\/charity-for-friends\/#breadcrumb\",\"itemListElement\":[{\"@type\":\"ListItem\",\"position\":1,\"name\":\"Start\",\"item\":\"https:\/\/abonie.de\/\"},{\"@type\":\"ListItem\",\"position\":2,\"name\":\"Charity for Friends\"}]},{\"@type\":\"WebSite\",\"@id\":\"https:\/\/abonie.de\/#website\",\"url\":\"https:\/\/abonie.de\/\",\"name\":\"Abonies Irrenanstalt\",\"description\":\"Willkommen in der Irrenanstalt!\",\"publisher\":{\"@id\":\"https:\/\/abonie.de\/#\/schema\/person\/1741f62b164511570563ca8813789cbc\"},\"potentialAction\":[{\"@type\":\"SearchAction\",\"target\":{\"@type\":\"EntryPoint\",\"urlTemplate\":\"https:\/\/abonie.de\/?s={search_term_string}\"},\"query-input\":{\"@type\":\"PropertyValueSpecification\",\"valueRequired\":true,\"valueName\":\"search_term_string\"}}],\"inLanguage\":\"en-GB\"},{\"@type\":[\"Person\",\"Organization\"],\"@id\":\"https:\/\/abonie.de\/#\/schema\/person\/1741f62b164511570563ca8813789cbc\",\"name\":\"abonie\",\"image\":{\"@type\":\"ImageObject\",\"inLanguage\":\"en-GB\",\"@id\":\"https:\/\/abonie.de\/#\/schema\/person\/image\/\",\"url\":\"http:\/\/abonie.de\/wp-content\/uploads\/2026\/01\/cropped-120730250_337846532_abonie.png\",\"contentUrl\":\"http:\/\/abonie.de\/wp-content\/uploads\/2026\/01\/cropped-120730250_337846532_abonie.png\",\"width\":512,\"height\":512,\"caption\":\"abonie\"},\"logo\":{\"@id\":\"https:\/\/abonie.de\/#\/schema\/person\/image\/\"},\"sameAs\":[\"http:\/\/abonie.de\",\"https:\/\/www.instagram.com\/abonie\/\",\"https:\/\/x.com\/Abonie_\",\"www.youtube.com\/@abonie\",\"www.twitch.tv\/abonie\"]}]}<\/script>\n<!-- \/ Yoast SEO plugin. -->","yoast_head_json":{"title":"Charity for Friends - Abonies Irrenanstalt","robots":{"index":"index","follow":"follow","max-snippet":"max-snippet:-1","max-image-preview":"max-image-preview:large","max-video-preview":"max-video-preview:-1"},"canonical":"https:\/\/abonie.de\/en\/charity-for-friends\/","og_locale":"en_GB","og_type":"article","og_title":"Charity for Friends - Abonies Irrenanstalt","og_description":"Jedes Jahr im Dezember veranstalte ich auf Twitch den Charity for Friends-Stream, ein besonderes Event f\u00fcr die Community, andere Streamer*innen und alle, die Lust auf Horror, Spa\u00df und gute Taten haben.Manchmal passiert es auch spontan \u2013 dann hei\u00dft es: \u00dcberraschung, Spa\u00df &amp; Challenge! Wie l\u00e4uft es ab? Spiele, Spa\u00df und Gewinne: Wir spielen gemeinsam Horror- [&hellip;]","og_url":"https:\/\/abonie.de\/en\/charity-for-friends\/","og_site_name":"Abonies Irrenanstalt","article_modified_time":"2026-01-25T16:29:26+00:00","og_image":[{"width":1024,"height":1024,"url":"https:\/\/abonie.de\/wp-content\/uploads\/2026\/01\/5-1024x1024.png","type":"image\/png"}],"twitter_card":"summary_large_image","twitter_site":"@Abonie_","twitter_misc":{"Estimated reading time":"2 minutes"},"schema":{"@context":"https:\/\/schema.org","@graph":[{"@type":"WebPage","@id":"https:\/\/abonie.de\/charity-for-friends\/","url":"https:\/\/abonie.de\/charity-for-friends\/","name":"Charity for Friends - Abonies Irrenanstalt","isPartOf":{"@id":"https:\/\/abonie.de\/#website"},"primaryImageOfPage":{"@id":"https:\/\/abonie.de\/charity-for-friends\/#primaryimage"},"image":{"@id":"https:\/\/abonie.de\/charity-for-friends\/#primaryimage"},"thumbnailUrl":"https:\/\/abonie.de\/wp-content\/uploads\/2026\/01\/5.png","datePublished":"2026-01-04T10:58:06+00:00","dateModified":"2026-01-25T16:29:26+00:00","breadcrumb":{"@id":"https:\/\/abonie.de\/charity-for-friends\/#breadcrumb"},"inLanguage":"en-GB","potentialAction":[{"@type":"ReadAction","target":["https:\/\/abonie.de\/charity-for-friends\/"]}]},{"@type":"ImageObject","inLanguage":"en-GB","@id":"https:\/\/abonie.de\/charity-for-friends\/#primaryimage","url":"https:\/\/abonie.de\/wp-content\/uploads\/2026\/01\/5.png","contentUrl":"https:\/\/abonie.de\/wp-content\/uploads\/2026\/01\/5.png","width":2560,"height":2560},{"@type":"BreadcrumbList","@id":"https:\/\/abonie.de\/charity-for-friends\/#breadcrumb","itemListElement":[{"@type":"ListItem","position":1,"name":"Start","item":"https:\/\/abonie.de\/"},{"@type":"ListItem","position":2,"name":"Charity for Friends"}]},{"@type":"WebSite","@id":"https:\/\/abonie.de\/#website","url":"https:\/\/abonie.de\/","name":"Abonies Asylum","description":"Welcome to the Asylum!","publisher":{"@id":"https:\/\/abonie.de\/#\/schema\/person\/1741f62b164511570563ca8813789cbc"},"potentialAction":[{"@type":"SearchAction","target":{"@type":"EntryPoint","urlTemplate":"https:\/\/abonie.de\/?s={search_term_string}"},"query-input":{"@type":"PropertyValueSpecification","valueRequired":true,"valueName":"search_term_string"}}],"inLanguage":"en-GB"},{"@type":["Person","Organization"],"@id":"https:\/\/abonie.de\/#\/schema\/person\/1741f62b164511570563ca8813789cbc","name":"abonie","image":{"@type":"ImageObject","inLanguage":"en-GB","@id":"https:\/\/abonie.de\/#\/schema\/person\/image\/","url":"http:\/\/abonie.de\/wp-content\/uploads\/2026\/01\/cropped-120730250_337846532_abonie.png","contentUrl":"http:\/\/abonie.de\/wp-content\/uploads\/2026\/01\/cropped-120730250_337846532_abonie.png","width":512,"height":512,"caption":"abonie"},"logo":{"@id":"https:\/\/abonie.de\/#\/schema\/person\/image\/"},"sameAs":["http:\/\/abonie.de","https:\/\/www.instagram.com\/abonie\/","https:\/\/x.com\/Abonie_","www.youtube.com\/@abonie","www.twitch.tv\/abonie"]}]}},"_links":{"self":[{"href":"https:\/\/abonie.de\/en\/wp-json\/wp\/v2\/pages\/12","targetHints":{"allow":["GET"]}}],"collection":[{"href":"https:\/\/abonie.de\/en\/wp-json\/wp\/v2\/pages"}],"about":[{"href":"https:\/\/abonie.de\/en\/wp-json\/wp\/v2\/types\/page"}],"author":[{"embeddable":true,"href":"https:\/\/abonie.de\/en\/wp-json\/wp\/v2\/users\/1"}],"replies":[{"embeddable":true,"href":"https:\/\/abonie.de\/en\/wp-json\/wp\/v2\/comments?post=12"}],"version-history":[{"count":7,"href":"https:\/\/abonie.de\/en\/wp-json\/wp\/v2\/pages\/12\/revisions"}],"predecessor-version":[{"id":205,"href":"https:\/\/abonie.de\/en\/wp-json\/wp\/v2\/pages\/12\/revisions\/205"}],"wp:featuredmedia":[{"embeddable":true,"href":"https:\/\/abonie.de\/en\/wp-json\/wp\/v2\/media\/47"}],"wp:attachment":[{"href":"https:\/\/abonie.de\/en\/wp-json\/wp\/v2\/media?parent=12"}],"curies":[{"name":"wp","href":"https:\/\/api.w.org\/{rel}","templated":true}]}}